{"id":17,"date":"2026-03-12T15:56:12","date_gmt":"2026-03-12T08:56:12","guid":{"rendered":"https:\/\/okwintv.gb.net\/?page_id=17"},"modified":"2026-03-14T18:15:54","modified_gmt":"2026-03-14T11:15:54","slug":"trang-chu","status":"publish","type":"page","link":"https:\/\/okwintv.gb.net\/","title":{"rendered":"OKWINTV \ud83c\udf96\ufe0f Tr\u1ef1c Ti\u1ebfp B\u00f3ng \u0110\u00e1 OKWIN TV Full HD Mi\u1ec5n Ph\u00ed 2026"},"content":{"rendered":"<p style=\"text-align: justify;\">\t<div class=\"img has-hover x md-x lg-x y md-y lg-y\" id=\"image_2112011735\">\n\t\t\t\t\t\t\t\t<div class=\"img-inner dark\" >\n\t\t\t<img loading=\"lazy\" decoding=\"async\" width=\"1020\" height=\"266\" src=\"https:\/\/okwintv.gb.net\/wp-content\/uploads\/2026\/03\/okwintv-phat-song-truc-tiep-wc-2026-1024x267.webp\" class=\"attachment-large size-large\" alt=\"\" srcset=\"https:\/\/okwintv.gb.net\/wp-content\/uploads\/2026\/03\/okwintv-phat-song-truc-tiep-wc-2026-1024x267.webp 1024w, https:\/\/okwintv.gb.net\/wp-content\/uploads\/2026\/03\/okwintv-phat-song-truc-tiep-wc-2026-300x78.webp 300w, https:\/\/okwintv.gb.net\/wp-content\/uploads\/2026\/03\/okwintv-phat-song-truc-tiep-wc-2026-768x200.webp 768w, https:\/\/okwintv.gb.net\/wp-content\/uploads\/2026\/03\/okwintv-phat-song-truc-tiep-wc-2026-1536x400.webp 1536w, https:\/\/okwintv.gb.net\/wp-content\/uploads\/2026\/03\/okwintv-phat-song-truc-tiep-wc-2026.webp 1920w\" sizes=\"auto, (max-width: 1020px) 100vw, 1020px\" \/>\t\t\t\t\t\t\n\t\t\t\t\t<\/div>\n\t\t\t\t\t\t\t\t\n<style>\n#image_2112011735 {\n  width: 100%;\n}\n<\/style>\n\t<\/div>\n\t\n<p style=\"text-align: justify;\"><div class=\"container section-title-container\" ><h1 class=\"section-title section-title-center\"><b aria-hidden=\"true\"><\/b><span class=\"section-title-main\" >OKWINTV \ud83c\udf96\ufe0f Tr\u1ef1c Ti\u1ebfp B\u00f3ng \u0110\u00e1 OKWIN TV Full HD Mi\u1ec5n Ph\u00ed 2026<\/span><b aria-hidden=\"true\"><\/b><\/h1><\/div>\n<p style=\"text-align: justify;\"><a href=\"https:\/\/okwintv.gb.net\/\">OKWINTV<\/a> l\u00e0 h\u1ec7 th\u1ed1ng ph\u00e1t s\u00f3ng b\u00f3ng \u0111\u00e1 tr\u1ef1c tuy\u1ebfn mi\u1ec5n ph\u00ed v\u1edbi t\u00edn hi\u1ec7u Full HD, ph\u1ee5c v\u1ee5 c\u1ed9ng \u0111\u1ed3ng ng\u01b0\u1eddi h\u00e2m m\u1ed9 Vi\u1ec7t Nam qua \u0111\u01b0\u1eddng truy\u1ec1n CDN t\u1ed1c \u0111\u1ed9 cao, \u0111\u1ed9 tr\u1ec5 d\u01b0\u1edbi 50ms. H\u1ec7 th\u1ed1ng ph\u1ee7 s\u00f3ng h\u01a1n 500 gi\u1ea3i \u0111\u1ea5u qu\u1ed1c t\u1ebf t\u1eeb Ngo\u1ea1i H\u1ea1ng Anh, Champions League, La Liga, Bundesliga, Serie A \u0111\u1ebfn V-League v\u00e0 AFC Champions League, k\u00e8m m\u1ea1ng l\u01b0\u1edbi link d\u1ef1 ph\u00f2ng c\u1eadp nh\u1eadt li\u00ean t\u1ee5c \u0111\u1ec3 ng\u01b0\u1eddi xem kh\u00f4ng b\u1ecb gi\u00e1n \u0111o\u1ea1n. Ngo\u00e0i ph\u00e1t s\u00f3ng tr\u1ef1c ti\u1ebfp, OKWIN TV t\u00edch h\u1ee3p l\u1ecbch thi \u0111\u1ea5u gi\u1edd Vi\u1ec7t Nam, k\u1ebft qu\u1ea3 b\u00f3ng \u0111\u00e1 real-time, b\u1ea3ng x\u1ebfp h\u1ea1ng theo gi\u1ea3i v\u00e0 nh\u1eadn \u0111\u1ecbnh chuy\u00ean gia k\u1ebft h\u1ee3p d\u1eef li\u1ec7u AI tr\u01b0\u1edbc m\u1ed7i tr\u1eadn &#8211; t\u1ea1o n\u00ean kh\u00f4ng gian b\u00f3ng \u0111\u00e1 to\u00e0n di\u1ec7n tr\u00ean m\u1ecdi thi\u1ebft b\u1ecb.<\/p>\n<p style=\"text-align: justify;\">\ud83d\udcfa Xem tr\u1ef1c ti\u1ebfp b\u00f3ng \u0111\u00e1 Full HD t\u1ea1i: <a href=\"https:\/\/okwintv.gb.net\/\">https:\/\/okwintv.gb.net\/<\/a><\/p>\n","protected":false},"excerpt":{"rendered":"<p>OKWINTV l\u00e0 h\u1ec7 th\u1ed1ng ph\u00e1t s\u00f3ng b\u00f3ng \u0111\u00e1 tr\u1ef1c tuy\u1ebfn mi\u1ec5n ph\u00ed v\u1edbi t\u00edn hi\u1ec7u Full HD, ph\u1ee5c v\u1ee5 c\u1ed9ng \u0111\u1ed3ng ng\u01b0\u1eddi h\u00e2m m\u1ed9 Vi\u1ec7t Nam qua \u0111\u01b0\u1eddng truy\u1ec1n CDN t\u1ed1c \u0111\u1ed9 cao, \u0111\u1ed9 tr\u1ec5 d\u01b0\u1edbi 50ms. H\u1ec7 th\u1ed1ng ph\u1ee7 s\u00f3ng h\u01a1n 500 gi\u1ea3i \u0111\u1ea5u qu\u1ed1c t\u1ebf t\u1eeb Ngo\u1ea1i H\u1ea1ng Anh, Champions League, La Liga, [&#8230;]\n","protected":false},"author":1,"featured_media":0,"parent":0,"menu_order":0,"comment_status":"closed","ping_status":"closed","template":"","meta":{"footnotes":""},"class_list":["post-17","page","type-page","status-publish","hentry"],"_links":{"self":[{"href":"https:\/\/okwintv.gb.net\/index.php\/wp-json\/wp\/v2\/pages\/17","targetHints":{"allow":["GET"]}}],"collection":[{"href":"https:\/\/okwintv.gb.net\/index.php\/wp-json\/wp\/v2\/pages"}],"about":[{"href":"https:\/\/okwintv.gb.net\/index.php\/wp-json\/wp\/v2\/types\/page"}],"author":[{"embeddable":true,"href":"https:\/\/okwintv.gb.net\/index.php\/wp-json\/wp\/v2\/users\/1"}],"replies":[{"embeddable":true,"href":"https:\/\/okwintv.gb.net\/index.php\/wp-json\/wp\/v2\/comments?post=17"}],"version-history":[{"count":6,"href":"https:\/\/okwintv.gb.net\/index.php\/wp-json\/wp\/v2\/pages\/17\/revisions"}],"predecessor-version":[{"id":81,"href":"https:\/\/okwintv.gb.net\/index.php\/wp-json\/wp\/v2\/pages\/17\/revisions\/81"}],"wp:attachment":[{"href":"https:\/\/okwintv.gb.net\/index.php\/wp-json\/wp\/v2\/media?parent=17"}],"curies":[{"name":"wp","href":"https:\/\/api.w.org\/{rel}","templated":true}]}}